{"id":820,"date":"2018-08-31T15:50:14","date_gmt":"2018-08-31T18:50:14","guid":{"rendered":"https:\/\/isanjose-sgo.infd.edu.ar\/sitio\/autoridades-de-la-carrera\/"},"modified":"2023-05-07T22:21:58","modified_gmt":"2023-05-08T01:21:58","slug":"autoridades-de-la-carrera","status":"publish","type":"page","link":"https:\/\/isanjose-sgo.infd.edu.ar\/sitio\/autoridades-de-la-carrera\/","title":{"rendered":"Autoridades de la Carrera"},"content":{"rendered":"<p style=\"text-align: left;\"><span style=\"font-family: 'andale mono', times; font-size: 18pt;\"><strong>\u00a0<\/strong><\/span><span style=\"font-family: 'andale mono', times; font-size: 18pt;\"><strong>Autoridades de la Carrera: \u00a0 \u00a0 \u00a0 \u00a0\u00a0<\/strong><\/span><\/p>\n<p><img decoding=\"async\" loading=\"lazy\" style=\"float: right;\" src=\"http:\/\/isanjose.sgo.infd.edu.ar\/sitio\/upload\/img\/2PDvOC0PSu8hbimagen_incrustada1.jpg\" width=\"146\" height=\"97\" border=\"0\" \/><\/p>\n<p style=\"text-align: left;\"><span style=\"font-family: 'andale mono', times; font-size: 18pt;\"><strong>\u00a0 \u00a0 \u00a0 \u00a0 \u00a0 \u00a0 \u00a0 \u00a0 \u00a0 \u00a0 \u00a0 \u00a0 \u00a0 \u00a0\u00a0<\/strong><\/span><\/p>\n<p style=\"text-align: left;\"><span style=\"text-decoration: underline;\"><span style=\"font-family: 'andale mono', times; font-size: 18pt;\"><span style=\"text-decoration: underline; font-family: 'andale mono', times;\"><span style=\"font-size: 12pt;\"><strong>Directora de la carrera de Profesorado de Educaci\u00f3n Secundaria en Econom\u00eda:<\/strong><\/span><\/span><\/span><\/span><\/p>\n<p style=\"text-align: left;\"><span style=\"font-family: 'andale mono', times; font-size: 14pt;\"><strong>Prof. Marcela Palazzi<\/strong><\/span><\/p>\n<p style=\"text-align: left;\"><span style=\"font-family: 'andale mono', times; font-size: 10pt;\"><strong>Horario de Atenci\u00f3n de Lunes a Viernes de 17:00hs a 19:00hs-Direcci\u00f3n de Econom\u00eda-Instituto San Jos\u00e9 -Nivel Superior.<\/strong><\/span><\/p>\n<h6 style=\"text-align: left;\"><span style=\"font-family: 'andale mono', times; font-size: 10pt;\"><strong>Mail:\u00a0\u00a0<\/strong><\/span><strong><span class=\"qu\" tabindex=\"-1\" role=\"gridcell\"><span class=\"go\">marcepzz@hotmail.com<\/span><\/span><\/strong><\/h6>\n<p><span style=\"text-decoration: underline; font-family: 'andale mono', times;\"><span style=\"font-size: 12pt;\"><strong>Coordinadora Acad\u00e9mica \u00a0de la carrera de Profesorado de Educaci\u00f3n Secundaria en Econom\u00eda:<\/strong><\/span><\/span><\/p>\n<p><span style=\"font-family: 'andale mono', times; font-size: 14pt;\"><strong>Prof. Patricia G. Ruiz.<\/strong><\/span><\/p>\n<p><span style=\"font-family: 'andale mono', times; font-size: 10pt;\"><strong>Horario de Atenci\u00f3n de Lunes a Viernes de 17:00hs a 19:00hs-Direcci\u00f3n de Econom\u00eda-<strong>Instituto San Jos\u00e9 -Nivel Superior.<\/strong><\/strong><\/span><\/p>\n<h6><span style=\"font-family: 'andale mono', times; font-size: 10pt;\"><strong><strong>Mail: <\/strong>patriciagruiz@hotmail.com<\/strong><\/span><\/h6>\n<p><span style=\"font-family: 'andale mono', times;\"><strong>\u00a0<\/strong><\/span><\/p>\n","protected":false},"excerpt":{"rendered":"<p>\u00a0Autoridades de la Carrera: \u00a0 \u00a0 \u00a0 \u00a0\u00a0 \u00a0 \u00a0 \u00a0 \u00a0 \u00a0 \u00a0 \u00a0 \u00a0 \u00a0 \u00a0 \u00a0 \u00a0 \u00a0 \u00a0\u00a0 Directora de la carrera de Profesorado de Educaci\u00f3n Secundaria en Econom\u00eda: Prof. Marcela Palazzi Horario de Atenci\u00f3n de Lunes a Viernes de 17:00hs a 19:00hs-Direcci\u00f3n de Econom\u00eda-Instituto San Jos\u00e9 -Nivel Superior. Mail:\u00a0\u00a0marcepzz@hotmail.com Coordinadora &#8230; <a title=\"Autoridades de la Carrera\" class=\"read-more\" href=\"https:\/\/isanjose-sgo.infd.edu.ar\/sitio\/autoridades-de-la-carrera\/\" aria-label=\"More on Autoridades de la Carrera\">[+]<\/a><\/p>\n","protected":false},"author":9,"featured_media":0,"parent":0,"menu_order":0,"comment_status":"closed","ping_status":"closed","template":"","meta":[],"acf":[],"_links":{"self":[{"href":"https:\/\/isanjose-sgo.infd.edu.ar\/sitio\/wp-json\/wp\/v2\/pages\/820"}],"collection":[{"href":"https:\/\/isanjose-sgo.infd.edu.ar\/sitio\/wp-json\/wp\/v2\/pages"}],"about":[{"href":"https:\/\/isanjose-sgo.infd.edu.ar\/sitio\/wp-json\/wp\/v2\/types\/page"}],"author":[{"embeddable":true,"href":"https:\/\/isanjose-sgo.infd.edu.ar\/sitio\/wp-json\/wp\/v2\/users\/9"}],"replies":[{"embeddable":true,"href":"https:\/\/isanjose-sgo.infd.edu.ar\/sitio\/wp-json\/wp\/v2\/comments?post=820"}],"version-history":[{"count":6,"href":"https:\/\/isanjose-sgo.infd.edu.ar\/sitio\/wp-json\/wp\/v2\/pages\/820\/revisions"}],"predecessor-version":[{"id":872,"href":"https:\/\/isanjose-sgo.infd.edu.ar\/sitio\/wp-json\/wp\/v2\/pages\/820\/revisions\/872"}],"wp:attachment":[{"href":"https:\/\/isanjose-sgo.infd.edu.ar\/sitio\/wp-json\/wp\/v2\/media?parent=820"}],"curies":[{"name":"wp","href":"https:\/\/api.w.org\/{rel}","templated":true}]}}