{"id":801,"date":"2018-08-31T15:50:07","date_gmt":"2018-08-31T18:50:07","guid":{"rendered":"https:\/\/isanjose-sgo.infd.edu.ar\/sitio\/plan-de-estudios-3\/"},"modified":"2020-04-18T02:12:20","modified_gmt":"2020-04-18T05:12:20","slug":"plan-de-estudios-3","status":"publish","type":"page","link":"https:\/\/isanjose-sgo.infd.edu.ar\/sitio\/plan-de-estudios-3\/","title":{"rendered":"Plan de estudios"},"content":{"rendered":"<p class=\"Resaltado2 Titulo1 Resaltado1\" style=\"text-align: center;\"><span style=\"color: #000000; font-size: 12pt; background-color: #ffffff;\"><em><strong>\u00a0<\/strong><\/em><\/span><\/p>\n<h2 style=\"text-align: center;\"><img decoding=\"async\" loading=\"lazy\" style=\"float: right;\" src=\"http:\/\/uep55.cha.infd.edu.ar\/sitio\/upload\/img\/economia.jpg\" width=\"145\" height=\"96\" border=\"0\" \/>\u00a0 <span style=\"font-size: 12pt;\">\u00a0 \u00a0 \u00a0 \u00a0 \u00a0 \u00a0 \u00a0 \u00a0 \u00a0 \u00a0 \u00a0 \u00a0 \u00a0 \u00a0 \u00a0 \u00a0 \u00a0 \u00a0 \u00a0 \u00a0 \u00a0\u00a0<span style=\"font-family: 'arial black', 'avant garde';\">Profesorado de Educaci\u00f3n Secundaria en Econom\u00eda<\/span><\/span><\/h2>\n<h6><span style=\"text-decoration: underline;\"><em><strong>PLAN DE ESTUDIOS VIGENTE<\/strong><\/em><\/span><\/h6>\n<h6><strong>A continuaci\u00f3n se lista el Plan de Estudios organizadas las unidades curriculares (UC) en 4 a\u00f1os.<\/strong><\/h6>\n<h6><strong>El listado contiene: C\u00d3DIGO . Nombre de la Unidad Curricular (UC). R\u00e9gimen de Cursado. Tipo de Unidad.<\/strong><\/h6>\n<h5><span style=\"color: #008000;\"><span style=\"text-decoration: underline; color: #0000ff;\"><strong>PRIMER A\u00d1O<\/strong><\/span><strong style=\"font-size: 18.6667px; text-align: center;\"><br \/>\n<\/strong><\/span><\/h5>\n<h5><span style=\"font-size: 10pt;\"><span style=\"font-size: 10pt;\">1. <\/span><span style=\"font-size: 13.3333px;\"><b>Pedagog\u00eda<\/b><\/span><span style=\"font-size: 10pt;\">. Primer cuatrimestre. Materia.\u00a0<\/span><\/span><\/h5>\n<h5><span style=\"font-size: 10pt;\"><span style=\"font-size: 10pt;\">2.\u00a0<\/span><span style=\"font-size: 13.3333px;\"><b>Psicolog\u00eda<\/b><\/span><b style=\"font-size: 10pt;\">\u00a0educacional<\/b><span style=\"font-size: 10pt;\">.\u00a0Segundo cuatrimestre. Materia.<\/span><\/span><\/h5>\n<h5><span style=\"font-size: 10pt;\">3. <strong>Alfabetizaci\u00f3n Acad\u00e9mica<\/strong>.\u00a0Anual. Taller<\/span><\/h5>\n<h5><span style=\"font-size: 10pt;\">4. <strong>Historia Argentina y Latinoamericana<\/strong>.\u00a0Primer cuatrimestre. Materia.<\/span><\/h5>\n<h5><span style=\"font-size: 10pt;\"><span style=\"font-size: 10pt;\">5. <\/span><b style=\"font-size: 10pt;\">Historia educac. <\/b><span style=\"font-size: 13.3333px;\"><b>Pol\u00edtica<\/b><\/span><b style=\"font-size: 10pt;\">\u00a0Educativa Argentina<\/b><span style=\"font-size: 10pt;\">. Segundo\u00a0cuatrimestre. Materia.<\/span><\/span><\/h5>\n<h5><span style=\"font-size: 10pt;\"><span style=\"font-size: 10pt;\">6. <\/span><strong style=\"font-size: 10pt;\">Pr\u00e1ctica I<\/strong><span style=\"font-size: 10pt;\">: <\/span><span style=\"font-size: 8pt;\"><span style=\"font-size: 8pt;\"><b>La <\/b><\/span><span style=\"font-size: 10.6667px;\"><b>instituci\u00f3n<\/b><\/span><span style=\"font-size: 8pt;\"><b>\u00a0educativa aproximaciones desde un enfoque investigativo<\/b><\/span><\/span><span style=\"font-size: 10pt;\">.\u00a0Anual. Taller<\/span><\/span><\/h5>\n<h5><span style=\"font-size: 10pt;\"><span style=\"font-size: 10pt;\">7. <\/span><strong style=\"font-size: 10pt;\">Principios de\u00a0<\/strong><span style=\"font-size: 13.3333px;\"><b>Econom\u00eda<\/b><\/span><span style=\"font-size: 10pt;\">.\u00a0Anual. Materia.<\/span><\/span><\/h5>\n<h5><span style=\"font-size: 10pt;\"><span style=\"font-size: 10pt;\">8.\u00a0<\/span><span style=\"font-size: 13.3333px;\"><b>Matem\u00e1tica<\/b><\/span><b style=\"font-size: 10pt;\">\u00a0I<\/b><span style=\"font-size: 10pt;\">.\u00a0Primer cuatrimestre. Materia.<\/span><\/span><\/h5>\n<h5><span style=\"font-size: 10pt;\">9. <strong>Contabilidad I<\/strong>.\u00a0Anual. Materia.<\/span><\/h5>\n<h5><span style=\"font-size: 10pt;\"><span style=\"font-size: 10pt;\">10.\u00a0<\/span><span style=\"font-size: 13.3333px;\"><b>Introducci\u00f3n<\/b><\/span><b style=\"font-size: 10pt;\">\u00a0al Derecho<\/b><span style=\"font-size: 10pt;\">.\u00a0Anual. Materia.<\/span><\/span><\/h5>\n<h5><span style=\"font-size: 10pt;\"><span style=\"font-size: 10pt;\">11.<\/span><b style=\"font-size: 10pt;\">\u00a0<\/b><span style=\"font-size: 13.3333px;\"><b>Matem\u00e1tica<\/b><\/span><b style=\"font-size: 10pt;\">\u00a0II<\/b><span style=\"font-size: 10pt;\">. Segundo\u00a0cuatrimestre. Materia.<\/span><\/span><\/h5>\n<h5><span style=\"font-size: 10pt;\"><strong>\u00a0 \u00a0 \u00a0<span style=\"color: #800000; background-color: #ffff99;\">Teologia I<\/span><\/strong>. Anual. Materia.<\/span><\/h5>\n<h5><\/h5>\n<h5>\u00a0<span style=\"text-decoration: underline; color: #0000ff;\"><strong>SEGUNDO A\u00d1O<\/strong><\/span><\/h5>\n<h5><span style=\"font-size: 10pt;\"><span style=\"font-size: 10pt;\">12.\u00a0<\/span><span style=\"font-size: 13.3333px;\"><b>Sociolog\u00eda<\/b><\/span><b style=\"font-size: 10pt;\">\u00a0de la Educaci\u00f3n<\/b><span style=\"font-size: 10pt;\">.\u00a0Primer cuatrimestre. Materia.<\/span><\/span><\/h5>\n<h5><span style=\"font-size: 10pt;\"><span style=\"font-size: 10pt;\">13.\u00a0<\/span><span style=\"font-size: 13.3333px;\"><b>Tecnolog\u00eda<\/b><\/span><b style=\"font-size: 10pt;\">\u00a0de la Informaci\u00f3n y la Comunicaci\u00f3n<\/b><span style=\"font-size: 10pt;\">.\u00a0Segundo cuatrimestre. Materia.<\/span><\/span><\/h5>\n<h5><span style=\"font-size: 10pt;\">14.<strong> Did\u00e1ctica General<\/strong>.\u00a0Anual. Materia.<\/span><\/h5>\n<h5><span style=\"font-size: 10pt;\">15. <strong>Practica II<\/strong>: Curriculum, Sujeto y Contexto, Aproximaciones desde un enfoque investigativo.\u00a0Anual. Taller<\/span><\/h5>\n<h5><span style=\"font-size: 10pt;\">16. <strong>Administraci\u00f3n I<\/strong>.\u00a0Anual. Materia.<\/span><\/h5>\n<h5><span style=\"font-size: 10pt;\"><span style=\"font-size: 10pt;\">17. <\/span><span style=\"font-size: 13.3333px;\"><b>Micro econom\u00eda<\/b><\/span><span style=\"font-size: 10pt;\">.\u00a0Primer cuatrimestre. Materia.<\/span><\/span><\/h5>\n<h5><span style=\"font-size: 10pt;\">18.<strong> Derecho empresario<\/strong>.\u00a0Anual. Materia.<\/span><\/h5>\n<h5><span style=\"font-size: 10pt;\">19. <strong>Estad\u00edstica descriptiva e inferencial<\/strong>.\u00a0Anual. Materia.<\/span><\/h5>\n<h5><span style=\"font-size: 10pt;\">20. <strong>Contabilidad II<\/strong>. Segundo\u00a0cuatrimestre. Materia.<\/span><\/h5>\n<h5><span style=\"font-size: 10pt;\">21. <strong>Sujeto de la Educaci\u00f3n<\/strong>.\u00a0Anual. Materia.<\/span><\/h5>\n<h5><span style=\"font-size: 10pt;\">\u00a0 <strong>\u00a0<span style=\"color: #800000; background-color: #ffff99;\"> \u00a0Teolog\u00eda II<\/span>.<\/strong>\u00a0Anual. Materia.<\/span><\/h5>\n<h5><\/h5>\n<p><span style=\"text-decoration: underline; color: #0000ff;\"><span style=\"text-decoration: underline;\">\u00a0<strong>TERCER A\u00d1O<\/strong><\/span><\/span><\/p>\n<p><span style=\"font-size: 10pt;\">22. <strong>Filosof\u00eda de la educaci\u00f3n<\/strong>. Primer cuatrimestre. Materia.<\/span><\/p>\n<p><span style=\"font-size: 10pt;\">23. <strong>Integraci\u00f3n e inclusi\u00f3n educativa<\/strong>. Segundo cuatrimestre. Taller<\/span><\/p>\n<p><span style=\"font-size: 10pt;\">24. <strong>Epistemolog\u00eda de las ciencias<\/strong>. Segundo cuatrimestre. Materia<\/span><\/p>\n<p><span style=\"font-size: 10pt;\">25. <strong>Practica III<\/strong>: <span style=\"font-size: 8pt;\">Programacion did\u00e1ctica y gestion de microexperiencias de ense\u00f1anza<\/span>. Anual. Taller<\/span><\/p>\n<p><span style=\"font-size: 10pt;\"><span style=\"font-size: 10pt;\">26. <\/span><strong style=\"font-size: 10pt;\">Macro\u00a0<\/strong><span style=\"font-size: 13.3333px;\"><b>econom\u00eda<\/b><\/span><span style=\"font-size: 10pt;\">. Primer cuatrimestre. Materia.<\/span><\/span><\/p>\n<p><span style=\"font-size: 10pt;\">27. <strong>C\u00e1lculo Financiero<\/strong>. Primer cuatrimestre. Materia.<\/span><\/p>\n<p><span style=\"font-size: 10pt;\">28. <strong>Administraci\u00f3n II<\/strong>. Segundo cuatrimestre. Materia.<\/span><\/p>\n<p><span style=\"font-size: 10pt;\">29. <strong>Econom\u00eda Financiera<\/strong>. Segundo cuatrimestre. Materia.<\/span><\/p>\n<p><span style=\"font-size: 10pt;\">30. <strong>TIC Aplicada<\/strong>. Anual. Taller.<\/span><\/p>\n<p><span style=\"font-size: 10pt;\"><span style=\"font-size: 10pt;\">31. <\/span><strong style=\"font-size: 10pt;\">Did\u00e1ctica de la\u00a0<\/strong><span style=\"font-size: 13.3333px;\"><b>Econom\u00eda<\/b><\/span><span style=\"font-size: 10pt;\">. Anual. Materia.<\/span><\/span><\/p>\n<p><span style=\"font-size: 10pt;\"><strong>DI<\/strong>\u00a0: <strong>Econom\u00eda Social<\/strong>. Materia<\/span><\/p>\n<p><span style=\"font-size: 10pt;\"><strong><span style=\"color: #993300; background-color: #ffff00;\">Teologia III<\/span>.<\/strong> Anual. Materia.<\/span><\/p>\n<h5><\/h5>\n<h5><span style=\"text-decoration: underline; color: #0000ff;\"><strong>CUARTO A\u00d1O<\/strong><\/span><\/h5>\n<h5><span style=\"font-size: 10pt;\">32. <strong>Educaci\u00f3n Sexual Integral<\/strong>. Primer cuatrimestre. Taller.<\/span><\/h5>\n<h5><span style=\"font-size: 10pt;\"><span style=\"font-size: 10pt;\">33. <\/span><b style=\"font-size: 10pt;\">Formaci\u00f3n <\/b><span style=\"font-size: 13.3333px;\"><b>\u00c9tica<\/b><\/span><b style=\"font-size: 10pt;\">\u00a0y Ciudadana<\/b><span style=\"font-size: 10pt;\">. Segundo cuatrimestre. Materia.<\/span><\/span><\/h5>\n<h5><span style=\"font-size: 10pt;\">34. <strong>Pr\u00e1ctica IV<\/strong>: Residencia y Sistematizaci\u00f3n de experiencias. Anual. Taller.<\/span><\/h5>\n<h5><span style=\"font-size: 10pt;\">35. <strong>Econom\u00eda y Desarrollo<\/strong>. Segundo cuatrimestre. Seminario.<\/span><\/h5>\n<h5><span style=\"font-size: 10pt;\">36. <strong>Econom\u00eda del Sector P\u00fablico<\/strong>. Primer cuatrimestre. Materia.<\/span><\/h5>\n<h5><span style=\"font-size: 10pt;\">37. <strong>Formulaci\u00f3n y Evaluaci\u00f3n de Proyectos<\/strong>. Anual. Taller.\u00a0<\/span><\/h5>\n<h5><span style=\"font-size: 10pt;\">38. <strong>Historia Econ\u00f3mica y Social<\/strong>. Anual. Materia.<\/span><\/h5>\n<h5><span style=\"font-size: 10pt;\"><strong>DI<\/strong>\u00a0 <strong>Educaci\u00f3n Tributaria<\/strong>. Primer cuatrimestre. Materia<\/span><\/h5>\n<h5><span style=\"font-size: 10pt;\"><strong>DI<\/strong> .<strong>Pol\u00edticas Econ\u00f3micas<\/strong>. Segundo cuatrimestre. Materia<\/span><\/h5>\n<h5><span style=\"font-size: 10pt;\"><strong><span style=\"color: #993300; background-color: #ffff00;\">Teolog\u00eda IV<\/span>.<\/strong> Anual. Materia.\u00a0<\/span><\/h5>\n<p>&nbsp;<\/p>\n<p>&nbsp;<\/p>\n","protected":false},"excerpt":{"rendered":"<p>\u00a0 \u00a0 \u00a0 \u00a0 \u00a0 \u00a0 \u00a0 \u00a0 \u00a0 \u00a0 \u00a0 \u00a0 \u00a0 \u00a0 \u00a0 \u00a0 \u00a0 \u00a0 \u00a0 \u00a0 \u00a0 \u00a0 \u00a0\u00a0Profesorado de Educaci\u00f3n Secundaria en Econom\u00eda PLAN DE ESTUDIOS VIGENTE A continuaci\u00f3n se lista el Plan de Estudios organizadas las unidades curriculares (UC) en 4 a\u00f1os. El listado contiene: C\u00d3DIGO . Nombre de &#8230; <a title=\"Plan de estudios\" class=\"read-more\" href=\"https:\/\/isanjose-sgo.infd.edu.ar\/sitio\/plan-de-estudios-3\/\" aria-label=\"More on Plan de estudios\">[+]<\/a><\/p>\n","protected":false},"author":9,"featured_media":0,"parent":0,"menu_order":0,"comment_status":"closed","ping_status":"closed","template":"","meta":[],"acf":[],"_links":{"self":[{"href":"https:\/\/isanjose-sgo.infd.edu.ar\/sitio\/wp-json\/wp\/v2\/pages\/801"}],"collection":[{"href":"https:\/\/isanjose-sgo.infd.edu.ar\/sitio\/wp-json\/wp\/v2\/pages"}],"about":[{"href":"https:\/\/isanjose-sgo.infd.edu.ar\/sitio\/wp-json\/wp\/v2\/types\/page"}],"author":[{"embeddable":true,"href":"https:\/\/isanjose-sgo.infd.edu.ar\/sitio\/wp-json\/wp\/v2\/users\/9"}],"replies":[{"embeddable":true,"href":"https:\/\/isanjose-sgo.infd.edu.ar\/sitio\/wp-json\/wp\/v2\/comments?post=801"}],"version-history":[{"count":5,"href":"https:\/\/isanjose-sgo.infd.edu.ar\/sitio\/wp-json\/wp\/v2\/pages\/801\/revisions"}],"predecessor-version":[{"id":866,"href":"https:\/\/isanjose-sgo.infd.edu.ar\/sitio\/wp-json\/wp\/v2\/pages\/801\/revisions\/866"}],"wp:attachment":[{"href":"https:\/\/isanjose-sgo.infd.edu.ar\/sitio\/wp-json\/wp\/v2\/media?parent=801"}],"curies":[{"name":"wp","href":"https:\/\/api.w.org\/{rel}","templated":true}]}}